{"id":1669,"date":"2021-02-01T11:00:52","date_gmt":"2021-02-01T11:00:52","guid":{"rendered":"https:\/\/www.lledogarciaabogados.com\/politica-de-cookies\/"},"modified":"2021-02-19T07:16:26","modified_gmt":"2021-02-19T07:16:26","slug":"politica-de-cookies","status":"publish","type":"page","link":"https:\/\/www.lledogarciaabogados.com\/en\/politica-de-cookies\/","title":{"rendered":"Cookies Policy"},"content":{"rendered":"<h2><strong>Cookies Policy<\/strong><\/h2>\n<p>This website uses third-party and own cookies to ensure you have a better browsing experience, to share content on social networks and so that we can obtain user statistics.<\/p>\n<p>You can prevent the downloading of cookies through your browser settings, preventing cookies from being stored on your device.<\/p>\n<p>As the owner of this website, I would like to inform you that we do not use any personal information from cookies, we only use general statistics of visits that do not involve any personal information.<\/p>\n<p>It is very important that you read this cookie policy and understand that, if you continue browsing, we will consider that you accept its use.<\/p>\n<p>According to the terms included in article 22.2 of Law 34\/2002 on Information Society Services and Electronic Commerce, if you continue browsing, you will be giving your consent to the use of the aforementioned mechanisms.<\/p>\n<h3><strong>Responsible Entity<\/strong><\/h3>\n<p>The entity responsible for the collection, processing and use of your personal data, in the sense established by the Personal Data Protection Act is the website https:\/\/www.lledogarciaabogados.com\/, owned by Isidro Lled\u00f3 Rodr\u00edguez &#8211; Gran V\u00eda del Marqu\u00e9s del Marqu\u00e9s del T\u00faria n\u00ba 42, 9\u00ba-4\u00aa 46005 Valencia.<\/p>\n<h3><strong>What are cookies?<\/strong><\/h3>\n<p>Cookies are a set of data that a server deposits in the user\u2019s browser to collect standard Internet log information and information on the behaviour of visitors to a website. In other words, they are small text files that are stored on the computer\u2019s hard drive and are used to identify the user when he\/she logs on to the website again. Their purpose is to record the user\u2019s visit and to store certain information. Their use is common and frequent on the web as they allow pages to function more efficiently and achieve greater personalisation and analysis of user behaviour.<\/p>\n<h3><strong>What types of cookies are there?<\/strong><\/h3>\n<p>The cookies used on our website are session and third-party cookies, and allow us to store and access information relating to language, the type of browser used, and other general characteristics predefined by the user, as well as to monitor and analyse the activity carried out, in order to introduce improvements and provide our services in a more efficient and personalised manner.<\/p>\n<p>Cookies, depending on their permanence, can be divided into session or permanent cookies. Those that expire when the user closes the browser. Those that expire depending on when the purpose for which they are used is fulfilled (for example, so that the user remains identified in the Isidro Lled\u00f3 Rodr\u00edguez services) or when they are manually deleted.<\/p>\n<p>Name Type Expiration Purpose Class<\/p>\n<p>Third-party (Google Analytics) 2 years Used to distinguish users and sessions. Not Exempt<\/p>\n<p>Third-party __utmb (Google Analytics) 30 minutes Used to determine new sessions or visits Not Exempt<\/p>\n<p>Third-party __utmc (Google Analytics) At the end of the session Configured for use with Urchin Not Exempt<\/p>\n<p>Third-party __utmz (Google Analytics) 6 months Stores the source or campaign that explains how the user arrived at the website Not Exempt<\/p>\n<p>Additionally, depending on their purpose, cookies can be classified as follows:<\/p>\n<h3><strong>Performance Cookies<\/strong><\/h3>\n<p>This type of Cookie remembers your preferences for the tools found in the services, so you do not have to reconfigure the service each time you visit. By way of example, this type includes: Volume settings for video or sound players. Video streaming speeds that are compatible with your browser. Items stored in the \u201cshopping cart\u201d in e-commerce services such as shops.<\/p>\n<h3><strong>Geo-location Cookies<\/strong><\/h3>\n<p>These cookies are used to find out which country you are in when you request a service. This cookie is completely anonymous, and is only used to help target content to your location.<\/p>\n<h3><strong>Registration Cookies<\/strong><\/h3>\n<p>Registration cookies are generated once the user has registered or subsequently logged in, and are used to identify you to the services for the following purposes:<\/p>\n<ul>\n<li>To keep the user identified so that, if you close a service, the browser or the computer and at another time or another day re-enter that service, you will continue to be identified, thus facilitating your browsing without having to identify yourself again. This functionality can be deleted if the user clicks on the [close session] functionality, so that this cookie is deleted and the next time the user enters the service he\/she will have to log in to be identified.<\/li>\n<\/ul>\n<ul>\n<li>Check if the user is authorised to access certain services, for example, to participate in a competition.<\/li>\n<\/ul>\n<ul>\n<li>Additionally, some services may use connectors with social networks such as Facebook or Twitter. When the user registers for a service with credentials from a social network, he\/she authorises the social network to store a persistent Cookie that remembers his\/her identity and grants access to the services until it expires. The user can delete this Cookie and revoke access to services through social networks by updating their preferences on the specific social network.<\/li>\n<\/ul>\n<h3><strong>Analytics Cookies<\/strong><\/h3>\n<p>Each time a user visits a service, a tool from an external supplier generates an analytical cookie on the user\u2019s computer. This cookie, which is only generated during the visit, will be used in future visits to the Isidro Lled\u00f3 Rodr\u00edguez services to anonymously identify the visitor. The main objectives pursued are:<\/p>\n<ul>\n<li>To allow the anonymous identification of browsing users through the cookie (identifies browsers and devices, not people) and therefore the approximate counting of the number of visitors and their trend over time.<\/li>\n<\/ul>\n<ul>\n<li>Identify anonymously the most visited content and therefore more attractive to users Know if the user is accessing is new or repeat visit.<\/li>\n<\/ul>\n<p>Important: Unless the user decides to register in a service of Isidro Lled\u00f3 Rodr\u00edguez, the cookie will never be associated with any personal data that can identify him\/her. These cookies will only be used for statistical purposes to help optimise the user\u2019s experience on the site.<\/p>\n<h3><strong>Advertising Cookies<\/strong><\/h3>\n<p>This type of cookies allows to extend the information of the advertisements shown to each anonymous user in the services of Isidro Lled\u00f3 Rodr\u00edguez. Among others, they store the duration or frequency of viewing advertising positions, interaction with them, or browsing patterns and\/or user behaviour as they help to form a profile of advertising interest. In this way, they make it possible to offer advertising related to the user\u2019s interests.<\/p>\n<h3><strong>Third-party Advertising Cookies<\/strong><\/h3>\n<p>In addition to the advertising managed by the Isidro Lled\u00f3 Rodr\u00edguez websites in their services, the Isidro Lled\u00f3 Rodr\u00edguez websites offer their advertisers the option of serving advertisements through third parties (\u201cAd-Servers\u201d). In this way, these third parties can store cookies sent from Isidro Lled\u00f3 Rodr\u00edguez\u2019s services from users\u2019 browsers, as well as access the data stored in them.<\/p>\n<p>The companies that generate these cookies have their own privacy policies. At present, the Isidro Lled\u00f3 Rodr\u00edguez websites use the Doubleclick platform (Google) to manage these services. For more information, go to:<\/p>\n<p>http:\/\/www.google.es\/policies\/privacy\/ads\/#toc-doubleclick and http:\/\/www.google.es\/policies\/privacy\/ads\/.<\/p>\n<h3><strong>How can I disable cookies in my browser?<\/strong><\/h3>\n<p>Different browsers can be configured to warn the user of the reception of cookies and, if desired, prevent their installation on the computer. Likewise, the user can check in their browser which cookies they have installed and their expiry date, and can delete them.<\/p>\n<p>For further information, please consult the instructions and manuals of your browser:<\/p>\n<p>For more information on the management of cookies in Google Chrome: https:\/\/support.google.com\/chrome\/answer\/95647?hl=es<\/p>\n<p>For more information on the management of cookies in Internet Explorer: http:\/\/windows.microsoft.com\/es-es\/windows-vista\/cookies-frequently-asked-questions<\/p>\n<p>For more information on managing cookies in Mozilla Firefox: http:\/\/support.mozilla.org\/es\/kb\/habilitar-y-deshabilitar-cookies-que-los-sitios-we<\/p>\n<p>For more information on managing cookies in Safari: http:\/\/www.apple.com\/es\/privacy\/use-of-cookies\/<\/p>\n<p>For more information about managing cookies in Opera: http:\/\/help.opera.com\/Windows\/11.50\/es-ES\/cookies.html<\/p>\n<p>If you want to stop being tracked by Google Analytics visit: http:\/\/tools.google.com\/dlpage\/gaoptout<\/p>\n<h3><strong>To Learn More about Cookies<\/strong><\/h3>\n<p>You can learn more about online behavioural advertising and online privacy at the following link: http:\/\/www.youronlinechoices.com\/es\/<\/p>\n<p>Google Analytics data protection: http:\/\/www.google.com\/analytics\/learn\/privacy.html<\/p>\n<p>How Google Analytics uses cookies: https:\/\/developers.google.com\/analytics\/devguides\/collection\/analyticsjs\/cookie-usage?hl=es#analyticsjs<\/p>\n<h3><strong>Updates and Changes to the Privacy\/Cookie Policy<\/strong><\/h3>\n<p>The Isidro Lled\u00f3 Rodr\u00edguez websites may modify this Cookies Policy in accordance with legislative or regulatory requirements, or in order to adapt said policy to the instructions issued by the Spanish Data Protection Agency, for which reason users are advised to visit it periodically.<\/p>\n<p>When significant changes are made to this Cookies Policy, these will be communicated to users either through the website or by email to registered users.<\/p>\n","protected":false},"excerpt":{"rendered":"<p>Cookies Policy This website uses third-party and own cookies to ensure you have a better browsing experience, to share content on social networks and so that we can obtain user statistics. You can prevent the downloading of cookies through your browser settings, preventing cookies from being stored on your device. As the owner of this [&hellip;]<\/p>\n","protected":false},"author":1,"featured_media":0,"parent":0,"menu_order":0,"comment_status":"closed","ping_status":"closed","template":"","meta":{"site-sidebar-layout":"no-sidebar","site-content-layout":"boxed-container","ast-site-content-layout":"","site-content-style":"default","site-sidebar-style":"default","ast-global-header-display":"","ast-banner-title-visibility":"","ast-main-header-display":"","ast-hfb-above-header-display":"","ast-hfb-below-header-display":"","ast-hfb-mobile-header-display":"","site-post-title":"disabled","ast-breadcrumbs-content":"","ast-featured-img":"","footer-sml-layout":"","theme-transparent-header-meta":"default","adv-header-id-meta":"","stick-header-meta":"default","header-above-stick-meta":"","header-main-stick-meta":"","header-below-stick-meta":"","astra-migrate-meta-layouts":"default","ast-page-background-enabled":"default","ast-page-background-meta":{"desktop":{"background-color":"","background-image":"","background-repeat":"repeat","background-position":"center center","background-size":"auto","background-attachment":"scroll","background-type":"","background-media":"","overlay-type":"","overlay-color":"","overlay-opacity":"","overlay-gradient":""},"tablet":{"background-color":"","background-image":"","background-repeat":"repeat","background-position":"center center","background-size":"auto","background-attachment":"scroll","background-type":"","background-media":"","overlay-type":"","overlay-color":"","overlay-opacity":"","overlay-gradient":""},"mobile":{"background-color":"","background-image":"","background-repeat":"repeat","background-position":"center center","background-size":"auto","background-attachment":"scroll","background-type":"","background-media":"","overlay-type":"","overlay-color":"","overlay-opacity":"","overlay-gradient":""}},"ast-content-background-meta":{"desktop":{"background-color":"var(--ast-global-color-5)","background-image":"","background-repeat":"repeat","background-position":"center center","background-size":"auto","background-attachment":"scroll","background-type":"","background-media":"","overlay-type":"","overlay-color":"","overlay-opacity":"","overlay-gradient":""},"tablet":{"background-color":"var(--ast-global-color-5)","background-image":"","background-repeat":"repeat","background-position":"center center","background-size":"auto","background-attachment":"scroll","background-type":"","background-media":"","overlay-type":"","overlay-color":"","overlay-opacity":"","overlay-gradient":""},"mobile":{"background-color":"var(--ast-global-color-5)","background-image":"","background-repeat":"repeat","background-position":"center center","background-size":"auto","background-attachment":"scroll","background-type":"","background-media":"","overlay-type":"","overlay-color":"","overlay-opacity":"","overlay-gradient":""}},"footnotes":""},"class_list":["post-1669","page","type-page","status-publish","hentry"],"yoast_head":"<!-- This site is optimized with the Yoast SEO plugin v24.5 - https:\/\/yoast.com\/wordpress\/plugins\/seo\/ -->\n<title>Cookies Policy - Lled\u00f3 Garcia<\/title>\n<meta name=\"robots\" content=\"index, follow, max-snippet:-1, max-image-preview:large, max-video-preview:-1\" \/>\n<link rel=\"canonical\" href=\"https:\/\/www.lledogarciaabogados.com\/en\/politica-de-cookies\/\" \/>\n<meta property=\"og:locale\" content=\"en_US\" \/>\n<meta property=\"og:type\" content=\"article\" \/>\n<meta property=\"og:title\" content=\"Cookies Policy - Lled\u00f3 Garcia\" \/>\n<meta property=\"og:description\" content=\"Cookies Policy This website uses third-party and own cookies to ensure you have a better browsing experience, to share content on social networks and so that we can obtain user statistics. You can prevent the downloading of cookies through your browser settings, preventing cookies from being stored on your device. As the owner of this [&hellip;]\" \/>\n<meta property=\"og:url\" content=\"https:\/\/www.lledogarciaabogados.com\/en\/politica-de-cookies\/\" \/>\n<meta property=\"og:site_name\" content=\"Lled\u00f3 Garcia\" \/>\n<meta property=\"article:modified_time\" content=\"2021-02-19T07:16:26+00:00\" \/>\n<meta name=\"twitter:card\" content=\"summary_large_image\" \/>\n<meta name=\"twitter:label1\" content=\"Est. reading time\" \/>\n\t<meta name=\"twitter:data1\" content=\"7 minutes\" \/>\n<script type=\"application\/ld+json\" class=\"yoast-schema-graph\">{\"@context\":\"https:\/\/schema.org\",\"@graph\":[{\"@type\":\"WebPage\",\"@id\":\"https:\/\/www.lledogarciaabogados.com\/en\/politica-de-cookies\/\",\"url\":\"https:\/\/www.lledogarciaabogados.com\/en\/politica-de-cookies\/\",\"name\":\"Cookies Policy - Lled\u00f3 Garcia\",\"isPartOf\":{\"@id\":\"https:\/\/www.lledogarciaabogados.com\/#website\"},\"datePublished\":\"2021-02-01T11:00:52+00:00\",\"dateModified\":\"2021-02-19T07:16:26+00:00\",\"breadcrumb\":{\"@id\":\"https:\/\/www.lledogarciaabogados.com\/en\/politica-de-cookies\/#breadcrumb\"},\"inLanguage\":\"en-US\",\"potentialAction\":[{\"@type\":\"ReadAction\",\"target\":[\"https:\/\/www.lledogarciaabogados.com\/en\/politica-de-cookies\/\"]}]},{\"@type\":\"BreadcrumbList\",\"@id\":\"https:\/\/www.lledogarciaabogados.com\/en\/politica-de-cookies\/#breadcrumb\",\"itemListElement\":[{\"@type\":\"ListItem\",\"position\":1,\"name\":\"Portada\",\"item\":\"https:\/\/www.lledogarciaabogados.com\/en\/\"},{\"@type\":\"ListItem\",\"position\":2,\"name\":\"Cookies Policy\"}]},{\"@type\":\"WebSite\",\"@id\":\"https:\/\/www.lledogarciaabogados.com\/#website\",\"url\":\"https:\/\/www.lledogarciaabogados.com\/\",\"name\":\"Lled\u00f3 Garcia\",\"description\":\"Abogados en Valencia\",\"publisher\":{\"@id\":\"https:\/\/www.lledogarciaabogados.com\/#organization\"},\"potentialAction\":[{\"@type\":\"SearchAction\",\"target\":{\"@type\":\"EntryPoint\",\"urlTemplate\":\"https:\/\/www.lledogarciaabogados.com\/?s={search_term_string}\"},\"query-input\":{\"@type\":\"PropertyValueSpecification\",\"valueRequired\":true,\"valueName\":\"search_term_string\"}}],\"inLanguage\":\"en-US\"},{\"@type\":\"Organization\",\"@id\":\"https:\/\/www.lledogarciaabogados.com\/#organization\",\"name\":\"Lled\u00f3 Garcia\",\"url\":\"https:\/\/www.lledogarciaabogados.com\/\",\"logo\":{\"@type\":\"ImageObject\",\"inLanguage\":\"en-US\",\"@id\":\"https:\/\/www.lledogarciaabogados.com\/#\/schema\/logo\/image\/\",\"url\":\"https:\/\/www.lledogarciaabogados.com\/wp-content\/uploads\/2021\/05\/logo-lledo-garcia-abogados-40.png\",\"contentUrl\":\"https:\/\/www.lledogarciaabogados.com\/wp-content\/uploads\/2021\/05\/logo-lledo-garcia-abogados-40.png\",\"width\":680,\"height\":88,\"caption\":\"Lled\u00f3 Garcia\"},\"image\":{\"@id\":\"https:\/\/www.lledogarciaabogados.com\/#\/schema\/logo\/image\/\"}}]}<\/script>\n<!-- \/ Yoast SEO plugin. -->","yoast_head_json":{"title":"Cookies Policy - Lled\u00f3 Garcia","robots":{"index":"index","follow":"follow","max-snippet":"max-snippet:-1","max-image-preview":"max-image-preview:large","max-video-preview":"max-video-preview:-1"},"canonical":"https:\/\/www.lledogarciaabogados.com\/en\/politica-de-cookies\/","og_locale":"en_US","og_type":"article","og_title":"Cookies Policy - Lled\u00f3 Garcia","og_description":"Cookies Policy This website uses third-party and own cookies to ensure you have a better browsing experience, to share content on social networks and so that we can obtain user statistics. You can prevent the downloading of cookies through your browser settings, preventing cookies from being stored on your device. As the owner of this [&hellip;]","og_url":"https:\/\/www.lledogarciaabogados.com\/en\/politica-de-cookies\/","og_site_name":"Lled\u00f3 Garcia","article_modified_time":"2021-02-19T07:16:26+00:00","twitter_card":"summary_large_image","twitter_misc":{"Est. reading time":"7 minutes"},"schema":{"@context":"https:\/\/schema.org","@graph":[{"@type":"WebPage","@id":"https:\/\/www.lledogarciaabogados.com\/en\/politica-de-cookies\/","url":"https:\/\/www.lledogarciaabogados.com\/en\/politica-de-cookies\/","name":"Cookies Policy - Lled\u00f3 Garcia","isPartOf":{"@id":"https:\/\/www.lledogarciaabogados.com\/#website"},"datePublished":"2021-02-01T11:00:52+00:00","dateModified":"2021-02-19T07:16:26+00:00","breadcrumb":{"@id":"https:\/\/www.lledogarciaabogados.com\/en\/politica-de-cookies\/#breadcrumb"},"inLanguage":"en-US","potentialAction":[{"@type":"ReadAction","target":["https:\/\/www.lledogarciaabogados.com\/en\/politica-de-cookies\/"]}]},{"@type":"BreadcrumbList","@id":"https:\/\/www.lledogarciaabogados.com\/en\/politica-de-cookies\/#breadcrumb","itemListElement":[{"@type":"ListItem","position":1,"name":"Portada","item":"https:\/\/www.lledogarciaabogados.com\/en\/"},{"@type":"ListItem","position":2,"name":"Cookies Policy"}]},{"@type":"WebSite","@id":"https:\/\/www.lledogarciaabogados.com\/#website","url":"https:\/\/www.lledogarciaabogados.com\/","name":"Lled\u00f3 Garcia","description":"Abogados en Valencia","publisher":{"@id":"https:\/\/www.lledogarciaabogados.com\/#organization"},"potentialAction":[{"@type":"SearchAction","target":{"@type":"EntryPoint","urlTemplate":"https:\/\/www.lledogarciaabogados.com\/?s={search_term_string}"},"query-input":{"@type":"PropertyValueSpecification","valueRequired":true,"valueName":"search_term_string"}}],"inLanguage":"en-US"},{"@type":"Organization","@id":"https:\/\/www.lledogarciaabogados.com\/#organization","name":"Lled\u00f3 Garcia","url":"https:\/\/www.lledogarciaabogados.com\/","logo":{"@type":"ImageObject","inLanguage":"en-US","@id":"https:\/\/www.lledogarciaabogados.com\/#\/schema\/logo\/image\/","url":"https:\/\/www.lledogarciaabogados.com\/wp-content\/uploads\/2021\/05\/logo-lledo-garcia-abogados-40.png","contentUrl":"https:\/\/www.lledogarciaabogados.com\/wp-content\/uploads\/2021\/05\/logo-lledo-garcia-abogados-40.png","width":680,"height":88,"caption":"Lled\u00f3 Garcia"},"image":{"@id":"https:\/\/www.lledogarciaabogados.com\/#\/schema\/logo\/image\/"}}]}},"_links":{"self":[{"href":"https:\/\/www.lledogarciaabogados.com\/en\/wp-json\/wp\/v2\/pages\/1669","targetHints":{"allow":["GET"]}}],"collection":[{"href":"https:\/\/www.lledogarciaabogados.com\/en\/wp-json\/wp\/v2\/pages"}],"about":[{"href":"https:\/\/www.lledogarciaabogados.com\/en\/wp-json\/wp\/v2\/types\/page"}],"author":[{"embeddable":true,"href":"https:\/\/www.lledogarciaabogados.com\/en\/wp-json\/wp\/v2\/users\/1"}],"replies":[{"embeddable":true,"href":"https:\/\/www.lledogarciaabogados.com\/en\/wp-json\/wp\/v2\/comments?post=1669"}],"version-history":[{"count":6,"href":"https:\/\/www.lledogarciaabogados.com\/en\/wp-json\/wp\/v2\/pages\/1669\/revisions"}],"predecessor-version":[{"id":1851,"href":"https:\/\/www.lledogarciaabogados.com\/en\/wp-json\/wp\/v2\/pages\/1669\/revisions\/1851"}],"wp:attachment":[{"href":"https:\/\/www.lledogarciaabogados.com\/en\/wp-json\/wp\/v2\/media?parent=1669"}],"curies":[{"name":"wp","href":"https:\/\/api.w.org\/{rel}","templated":true}]}}