{"id":1671,"date":"2021-02-01T11:04:46","date_gmt":"2021-02-01T11:04:46","guid":{"rendered":"https:\/\/www.lledogarciaabogados.com\/politica-de-privacidad\/"},"modified":"2021-02-19T07:15:38","modified_gmt":"2021-02-19T07:15:38","slug":"politica-de-privacidad","status":"publish","type":"page","link":"https:\/\/www.lledogarciaabogados.com\/en\/politica-de-privacidad\/","title":{"rendered":"Politica de privacidad"},"content":{"rendered":"<h3><strong>PRIVACY<\/strong><\/h3>\n<h3>Controller &#8211; Who is responsible for data processing?<\/h3>\n<p><strong>Identity:<\/strong> Isidro Lled\u00f3 Rodr\u00edguez<br \/>\n<strong>Registered address:<\/strong> Gran V\u00eda del Marqu\u00e9s del T\u00faria n\u00ba 42, 9\u00ba-4\u00aa 46005 Valencia<br \/>\n<strong>Spanish ID:<\/strong> 25935051K<br \/>\n<strong>Telephone number:<\/strong> 96 352 83 92<br \/>\n<strong>E-mail address:<\/strong> info@lledogarciaarandaabogados.com<br \/>\n<strong>Contact:<\/strong> Isidro Lled\u00f3 Rodr\u00edguez<br \/>\n<strong>Domain name:<\/strong> https:\/\/www.lledogarciaabogados.com\/<\/p>\n<h3><strong>Purposes &#8211; For what purposes do we process your data?<\/strong><\/h3>\n<h2><\/h2>\n<p>In compliance with the provisions of the European General Data Protection Regulation 2016\/679, we inform you that we will process the data you provide us with in order to:<\/p>\n<ul>\n<li>Manage the contracting of services that you carry out through the Platform, as well as the corresponding invoicing and delivery.<\/li>\n<li>Periodically send communications about services, events and news related to the activities carried out by Isidro Lled\u00f3 Rodr\u00edguez, by any means (telephone, post or email), unless otherwise indicated or the user opposes or revokes their consent.<\/li>\n<li>To send commercial and\/or promotional information related to the contracted services sector and added value for end users, unless otherwise indicated or the user opposes or revokes their consent.<\/li>\n<li>To comply with legally established obligations, as well as to verify compliance with contractual obligations, including fraud prevention.<\/li>\n<li>Transfer of data to agencies and authorities, provided that they are required in accordance with legal and regulatory provisions.<\/li>\n<\/ul>\n<h3><strong>Categories of data &#8211; What data do we process?<\/strong><\/h3>\n<p>Derived from the purposes mentioned above, at Isidro Lled\u00f3 Rodr\u00edguez\u2019s we manage the following categories of data:<\/p>\n<ul>\n<li>Identifying data<\/li>\n<li>Electronic communications metadata<\/li>\n<li>Commercial information data. In the event that the user provides data of third parties, he\/she declares that he\/she has their consent and undertakes to provide them with the information contained in this clause, exempting Isidro Lled\u00f3 Rodr\u00edguez from any liability in this regard.<\/li>\n<li>However, Isidro Lled\u00f3 Rodr\u00edguez may carry out checks to verify this fact, adopting the corresponding due diligence measures, in accordance with data protection regulations.<\/li>\n<\/ul>\n<h3><strong>Legitimation &#8211; What is the legitimacy for the processing of your data?<\/strong><\/h3>\n<p>The processing of data for the purpose of sending periodic newsletters (<em>newslettering<\/em>) on services, events and news related to our professional activity is based on the consent of the data subject, expressly requested to carry out such processing, in accordance with the regulations in force.<\/p>\n<p>Furthermore, the legitimacy for the processing of data related to offers or collaborations is based on the consent of the user who sends his data, which he may withdraw at any time, although this may affect the possible smooth communication and obstruction of processes he wishes to carry out.<\/p>\n<p>Finally, the data may be used to comply with the legal obligations applicable to Isidro Lled\u00f3 Rodr\u00edguez.<\/p>\n<h3><strong>Data Retention Period &#8211; How long will we keep your data?<\/strong><\/h3>\n<p>Isidro Lled\u00f3 Rodr\u00edguez will only keep the personal data of users for the time necessary to carry out the purposes for which they were collected, as long as you do not revoke the consents granted. Subsequently, if necessary, it will keep the information blocked for the legally established periods.<\/p>\n<h3><strong>Recipients &#8211; To which recipients will your data be communicated?<\/strong><\/h3>\n<p>Your data may be accessed by those suppliers who provide services to Isidro Lled\u00f3 Rodr\u00edguez, such as hosting services, marketing tools and content systems or other professionals, when such communication is required by law, or for the execution of the contracted services.<\/p>\n<p>Isidro Lled\u00f3 Rodr\u00edguez has signed the corresponding data processing agreements with each of the suppliers that provide services to Isidro Lled\u00f3 Rodr\u00edguez in order to guarantee that these suppliers will process your data in accordance with the provisions of current legislation.<\/p>\n<p>They may also be transferred to the State Security Forces and Corps in cases where there is a legal obligation.<\/p>\n<p>Banks and financial institutions, for the payment of services.<\/p>\n<p>Public administrations with competence in the sectors of activity, when so established by current legislation.<\/p>\n<h3><strong>Information Security &#8211; What security measures do we implement in order to protect your data?<\/strong><\/h3>\n<p>In order to protect the different types of data reflected in this privacy policy, we will implement the necessary technical security measures to prevent their loss, manipulation, dissemination or alteration.<\/p>\n<ul>\n<li>Encryption of communications between the user\u2019s device and the Isidro Lled\u00f3 Rodr\u00edguez servers.<\/li>\n<li>Encryption of the information on Isidro Lled\u00f3 Rodr\u00edguez&#8217;s own servers.<\/li>\n<li>Other measures to prevent access to user data by third parties.<\/li>\n<li>In those cases in which Isidro Lled\u00f3 Rodr\u00edguez has service providers for the maintenance of the platform that are outside the European Union, these international transfers have been regularised in accordance with Isidro Lled\u00f3 Rodr\u00edguez\u2019s commitment to the protection, integrity and security of users\u2019 personal data.<\/li>\n<\/ul>\n<h3><strong>Rights &#8211; What are your rights when you provide us with your data and how can you exercise them?<\/strong><\/h3>\n<p>You have the right to obtain confirmation as to whether or not Isidro Lled\u00f3 Rodr\u00edguez is processing personal data concerning you.<\/p>\n<p>You also have the right to access your personal data, as well as to request the rectification of inaccurate data or, where appropriate, to request its deletion when, among other reasons, the data is no longer necessary for the purposes for which it was collected.<\/p>\n<p>In certain circumstances, you may request the limitation of the processing of your data, in which case we will only keep them for the exercise or defence of claims.<\/p>\n<p>In certain circumstances and for reasons related to your particular situation, you may object to the processing of your data. Isidro Lled\u00f3 Rodr\u00edguez will stop processing the data, except for compelling legitimate reasons, or the exercise or defence of possible claims.<\/p>\n<p>Likewise, you may exercise your right to data portability, as well as withdraw the consent provided at any time, without affecting the lawfulness of the processing based on the consent prior to its withdrawal.<\/p>\n<p>If you wish to exercise any of your rights, please contact info@lledogarciaarandaabogados.com.<\/p>\n<p>Lastly, we inform you that you may address any claim arising from the processing of your personal data to the Spanish Data Protection Agency and other competent public bodies.<\/p>\n<h3><strong>Modification of the privacy policy<\/strong><\/h3>\n<p>Isidro Lled\u00f3 Rodr\u00edguez may modify this Privacy Policy at any time, with successive versions being published on the Website. In any case, Isidro Lled\u00f3 Rodr\u00edguez will communicate with prior notice the modifications to this policy that affect users so that they can accept them.<\/p>\n<p>This Privacy Policy is updated as of 27\/12\/2018 Isidro Lled\u00f3 Rodr\u00edguez (Spain). All rights reserved.<\/p>\n<p>If you wish, you can also consult our <a href=\"https:\/\/www.lledogarciaabogados.com\/en\/politica-de-cookies\/\">Cookies Policy.<\/a><\/p>\n","protected":false},"excerpt":{"rendered":"<p>PRIVACY Controller &#8211; Who is responsible for data processing? Identity: Isidro Lled\u00f3 Rodr\u00edguez Registered address: Gran V\u00eda del Marqu\u00e9s del T\u00faria n\u00ba 42, 9\u00ba-4\u00aa 46005 Valencia Spanish ID: 25935051K Telephone number: 96 352 83 92 E-mail address: info@lledogarciaarandaabogados.com Contact: Isidro Lled\u00f3 Rodr\u00edguez Domain name: https:\/\/www.lledogarciaabogados.com\/ Purposes &#8211; For what purposes do we process your data? [&hellip;]<\/p>\n","protected":false},"author":1,"featured_media":0,"parent":0,"menu_order":0,"comment_status":"closed","ping_status":"closed","template":"","meta":{"site-sidebar-layout":"no-sidebar","site-content-layout":"boxed-container","ast-site-content-layout":"","site-content-style":"default","site-sidebar-style":"default","ast-global-header-display":"","ast-banner-title-visibility":"","ast-main-header-display":"","ast-hfb-above-header-display":"","ast-hfb-below-header-display":"","ast-hfb-mobile-header-display":"","site-post-title":"disabled","ast-breadcrumbs-content":"","ast-featured-img":"","footer-sml-layout":"","theme-transparent-header-meta":"default","adv-header-id-meta":"","stick-header-meta":"default","header-above-stick-meta":"","header-main-stick-meta":"","header-below-stick-meta":"","astra-migrate-meta-layouts":"default","ast-page-background-enabled":"default","ast-page-background-meta":{"desktop":{"background-color":"","background-image":"","background-repeat":"repeat","background-position":"center center","background-size":"auto","background-attachment":"scroll","background-type":"","background-media":"","overlay-type":"","overlay-color":"","overlay-opacity":"","overlay-gradient":""},"tablet":{"background-color":"","background-image":"","background-repeat":"repeat","background-position":"center center","background-size":"auto","background-attachment":"scroll","background-type":"","background-media":"","overlay-type":"","overlay-color":"","overlay-opacity":"","overlay-gradient":""},"mobile":{"background-color":"","background-image":"","background-repeat":"repeat","background-position":"center center","background-size":"auto","background-attachment":"scroll","background-type":"","background-media":"","overlay-type":"","overlay-color":"","overlay-opacity":"","overlay-gradient":""}},"ast-content-background-meta":{"desktop":{"background-color":"var(--ast-global-color-5)","background-image":"","background-repeat":"repeat","background-position":"center center","background-size":"auto","background-attachment":"scroll","background-type":"","background-media":"","overlay-type":"","overlay-color":"","overlay-opacity":"","overlay-gradient":""},"tablet":{"background-color":"var(--ast-global-color-5)","background-image":"","background-repeat":"repeat","background-position":"center center","background-size":"auto","background-attachment":"scroll","background-type":"","background-media":"","overlay-type":"","overlay-color":"","overlay-opacity":"","overlay-gradient":""},"mobile":{"background-color":"var(--ast-global-color-5)","background-image":"","background-repeat":"repeat","background-position":"center center","background-size":"auto","background-attachment":"scroll","background-type":"","background-media":"","overlay-type":"","overlay-color":"","overlay-opacity":"","overlay-gradient":""}},"footnotes":""},"class_list":["post-1671","page","type-page","status-publish","hentry"],"yoast_head":"<!-- This site is optimized with the Yoast SEO plugin v24.5 - https:\/\/yoast.com\/wordpress\/plugins\/seo\/ -->\n<title>Politica de privacidad - Lled\u00f3 Garcia<\/title>\n<meta name=\"robots\" content=\"index, follow, max-snippet:-1, max-image-preview:large, max-video-preview:-1\" \/>\n<link rel=\"canonical\" href=\"https:\/\/www.lledogarciaabogados.com\/en\/politica-de-privacidad\/\" \/>\n<meta property=\"og:locale\" content=\"en_US\" \/>\n<meta property=\"og:type\" content=\"article\" \/>\n<meta property=\"og:title\" content=\"Politica de privacidad - Lled\u00f3 Garcia\" \/>\n<meta property=\"og:description\" content=\"PRIVACY Controller &#8211; Who is responsible for data processing? Identity: Isidro Lled\u00f3 Rodr\u00edguez Registered address: Gran V\u00eda del Marqu\u00e9s del T\u00faria n\u00ba 42, 9\u00ba-4\u00aa 46005 Valencia Spanish ID: 25935051K Telephone number: 96 352 83 92 E-mail address: info@lledogarciaarandaabogados.com Contact: Isidro Lled\u00f3 Rodr\u00edguez Domain name: https:\/\/www.lledogarciaabogados.com\/ Purposes &#8211; For what purposes do we process your data? [&hellip;]\" \/>\n<meta property=\"og:url\" content=\"https:\/\/www.lledogarciaabogados.com\/en\/politica-de-privacidad\/\" \/>\n<meta property=\"og:site_name\" content=\"Lled\u00f3 Garcia\" \/>\n<meta property=\"article:modified_time\" content=\"2021-02-19T07:15:38+00:00\" \/>\n<meta name=\"twitter:card\" content=\"summary_large_image\" \/>\n<meta name=\"twitter:label1\" content=\"Est. reading time\" \/>\n\t<meta name=\"twitter:data1\" content=\"5 minutes\" \/>\n<script type=\"application\/ld+json\" class=\"yoast-schema-graph\">{\"@context\":\"https:\/\/schema.org\",\"@graph\":[{\"@type\":\"WebPage\",\"@id\":\"https:\/\/www.lledogarciaabogados.com\/en\/politica-de-privacidad\/\",\"url\":\"https:\/\/www.lledogarciaabogados.com\/en\/politica-de-privacidad\/\",\"name\":\"Politica de privacidad - Lled\u00f3 Garcia\",\"isPartOf\":{\"@id\":\"https:\/\/www.lledogarciaabogados.com\/#website\"},\"datePublished\":\"2021-02-01T11:04:46+00:00\",\"dateModified\":\"2021-02-19T07:15:38+00:00\",\"breadcrumb\":{\"@id\":\"https:\/\/www.lledogarciaabogados.com\/en\/politica-de-privacidad\/#breadcrumb\"},\"inLanguage\":\"en-US\",\"potentialAction\":[{\"@type\":\"ReadAction\",\"target\":[\"https:\/\/www.lledogarciaabogados.com\/en\/politica-de-privacidad\/\"]}]},{\"@type\":\"BreadcrumbList\",\"@id\":\"https:\/\/www.lledogarciaabogados.com\/en\/politica-de-privacidad\/#breadcrumb\",\"itemListElement\":[{\"@type\":\"ListItem\",\"position\":1,\"name\":\"Portada\",\"item\":\"https:\/\/www.lledogarciaabogados.com\/en\/\"},{\"@type\":\"ListItem\",\"position\":2,\"name\":\"Politica de privacidad\"}]},{\"@type\":\"WebSite\",\"@id\":\"https:\/\/www.lledogarciaabogados.com\/#website\",\"url\":\"https:\/\/www.lledogarciaabogados.com\/\",\"name\":\"Lled\u00f3 Garcia\",\"description\":\"Abogados en Valencia\",\"publisher\":{\"@id\":\"https:\/\/www.lledogarciaabogados.com\/#organization\"},\"potentialAction\":[{\"@type\":\"SearchAction\",\"target\":{\"@type\":\"EntryPoint\",\"urlTemplate\":\"https:\/\/www.lledogarciaabogados.com\/?s={search_term_string}\"},\"query-input\":{\"@type\":\"PropertyValueSpecification\",\"valueRequired\":true,\"valueName\":\"search_term_string\"}}],\"inLanguage\":\"en-US\"},{\"@type\":\"Organization\",\"@id\":\"https:\/\/www.lledogarciaabogados.com\/#organization\",\"name\":\"Lled\u00f3 Garcia\",\"url\":\"https:\/\/www.lledogarciaabogados.com\/\",\"logo\":{\"@type\":\"ImageObject\",\"inLanguage\":\"en-US\",\"@id\":\"https:\/\/www.lledogarciaabogados.com\/#\/schema\/logo\/image\/\",\"url\":\"https:\/\/www.lledogarciaabogados.com\/wp-content\/uploads\/2021\/05\/logo-lledo-garcia-abogados-40.png\",\"contentUrl\":\"https:\/\/www.lledogarciaabogados.com\/wp-content\/uploads\/2021\/05\/logo-lledo-garcia-abogados-40.png\",\"width\":680,\"height\":88,\"caption\":\"Lled\u00f3 Garcia\"},\"image\":{\"@id\":\"https:\/\/www.lledogarciaabogados.com\/#\/schema\/logo\/image\/\"}}]}<\/script>\n<!-- \/ Yoast SEO plugin. -->","yoast_head_json":{"title":"Politica de privacidad - Lled\u00f3 Garcia","robots":{"index":"index","follow":"follow","max-snippet":"max-snippet:-1","max-image-preview":"max-image-preview:large","max-video-preview":"max-video-preview:-1"},"canonical":"https:\/\/www.lledogarciaabogados.com\/en\/politica-de-privacidad\/","og_locale":"en_US","og_type":"article","og_title":"Politica de privacidad - Lled\u00f3 Garcia","og_description":"PRIVACY Controller &#8211; Who is responsible for data processing? Identity: Isidro Lled\u00f3 Rodr\u00edguez Registered address: Gran V\u00eda del Marqu\u00e9s del T\u00faria n\u00ba 42, 9\u00ba-4\u00aa 46005 Valencia Spanish ID: 25935051K Telephone number: 96 352 83 92 E-mail address: info@lledogarciaarandaabogados.com Contact: Isidro Lled\u00f3 Rodr\u00edguez Domain name: https:\/\/www.lledogarciaabogados.com\/ Purposes &#8211; For what purposes do we process your data? [&hellip;]","og_url":"https:\/\/www.lledogarciaabogados.com\/en\/politica-de-privacidad\/","og_site_name":"Lled\u00f3 Garcia","article_modified_time":"2021-02-19T07:15:38+00:00","twitter_card":"summary_large_image","twitter_misc":{"Est. reading time":"5 minutes"},"schema":{"@context":"https:\/\/schema.org","@graph":[{"@type":"WebPage","@id":"https:\/\/www.lledogarciaabogados.com\/en\/politica-de-privacidad\/","url":"https:\/\/www.lledogarciaabogados.com\/en\/politica-de-privacidad\/","name":"Politica de privacidad - Lled\u00f3 Garcia","isPartOf":{"@id":"https:\/\/www.lledogarciaabogados.com\/#website"},"datePublished":"2021-02-01T11:04:46+00:00","dateModified":"2021-02-19T07:15:38+00:00","breadcrumb":{"@id":"https:\/\/www.lledogarciaabogados.com\/en\/politica-de-privacidad\/#breadcrumb"},"inLanguage":"en-US","potentialAction":[{"@type":"ReadAction","target":["https:\/\/www.lledogarciaabogados.com\/en\/politica-de-privacidad\/"]}]},{"@type":"BreadcrumbList","@id":"https:\/\/www.lledogarciaabogados.com\/en\/politica-de-privacidad\/#breadcrumb","itemListElement":[{"@type":"ListItem","position":1,"name":"Portada","item":"https:\/\/www.lledogarciaabogados.com\/en\/"},{"@type":"ListItem","position":2,"name":"Politica de privacidad"}]},{"@type":"WebSite","@id":"https:\/\/www.lledogarciaabogados.com\/#website","url":"https:\/\/www.lledogarciaabogados.com\/","name":"Lled\u00f3 Garcia","description":"Abogados en Valencia","publisher":{"@id":"https:\/\/www.lledogarciaabogados.com\/#organization"},"potentialAction":[{"@type":"SearchAction","target":{"@type":"EntryPoint","urlTemplate":"https:\/\/www.lledogarciaabogados.com\/?s={search_term_string}"},"query-input":{"@type":"PropertyValueSpecification","valueRequired":true,"valueName":"search_term_string"}}],"inLanguage":"en-US"},{"@type":"Organization","@id":"https:\/\/www.lledogarciaabogados.com\/#organization","name":"Lled\u00f3 Garcia","url":"https:\/\/www.lledogarciaabogados.com\/","logo":{"@type":"ImageObject","inLanguage":"en-US","@id":"https:\/\/www.lledogarciaabogados.com\/#\/schema\/logo\/image\/","url":"https:\/\/www.lledogarciaabogados.com\/wp-content\/uploads\/2021\/05\/logo-lledo-garcia-abogados-40.png","contentUrl":"https:\/\/www.lledogarciaabogados.com\/wp-content\/uploads\/2021\/05\/logo-lledo-garcia-abogados-40.png","width":680,"height":88,"caption":"Lled\u00f3 Garcia"},"image":{"@id":"https:\/\/www.lledogarciaabogados.com\/#\/schema\/logo\/image\/"}}]}},"_links":{"self":[{"href":"https:\/\/www.lledogarciaabogados.com\/en\/wp-json\/wp\/v2\/pages\/1671","targetHints":{"allow":["GET"]}}],"collection":[{"href":"https:\/\/www.lledogarciaabogados.com\/en\/wp-json\/wp\/v2\/pages"}],"about":[{"href":"https:\/\/www.lledogarciaabogados.com\/en\/wp-json\/wp\/v2\/types\/page"}],"author":[{"embeddable":true,"href":"https:\/\/www.lledogarciaabogados.com\/en\/wp-json\/wp\/v2\/users\/1"}],"replies":[{"embeddable":true,"href":"https:\/\/www.lledogarciaabogados.com\/en\/wp-json\/wp\/v2\/comments?post=1671"}],"version-history":[{"count":7,"href":"https:\/\/www.lledogarciaabogados.com\/en\/wp-json\/wp\/v2\/pages\/1671\/revisions"}],"predecessor-version":[{"id":1834,"href":"https:\/\/www.lledogarciaabogados.com\/en\/wp-json\/wp\/v2\/pages\/1671\/revisions\/1834"}],"wp:attachment":[{"href":"https:\/\/www.lledogarciaabogados.com\/en\/wp-json\/wp\/v2\/media?parent=1671"}],"curies":[{"name":"wp","href":"https:\/\/api.w.org\/{rel}","templated":true}]}}